{"id":62384,"date":"2022-10-14T16:57:34","date_gmt":"2022-10-14T14:57:34","guid":{"rendered":"https:\/\/karls-tech.com\/de\/?page_id=62384"},"modified":"2022-10-14T16:58:50","modified_gmt":"2022-10-14T14:58:50","slug":"vr215-android-touchscreen","status":"publish","type":"page","link":"https:\/\/karls-tech.com\/de\/produkte\/datenterminals\/vr215-android-touchscreen\/","title":{"rendered":"VR215 Android Touchscreen"},"content":{"rendered":"<div id=\"dslc-theme-content\"><div id=\"dslc-theme-content-inner\"><div id=\"dslc-main\">\n<div  class=\"dslc-modules-section  dslc-full \" style=\"padding-bottom:0px;padding-top:0px;padding-left:5%;padding-right:5%;background-color:rgba(0,0,0,0);background-image:url(https:\/\/karls-tech.com\/de\/wp-content\/uploads\/karls-tech-banner.jpg);background-repeat:no-repeat;background-position:center top;background-size:cover;border-right-style: hidden; border-left-style: hidden; \" data-section-id=\"362bf815292\">\n<div class=\"dslc-bg-video dslc-force-show\">\n<div class=\"dslc-bg-video-overlay\" style=\"background-color:#000000; opacity:0.6; \"><\/div>\n<\/div>\n<div class=\"dslc-section-divider dslc-flip-hor\"\n\t\t\t\t\tdata-divider-pos=\"bottom\"\n\t\t\t\t\tdata-divider-style=\"peak-center-sharp\"><br \/>\n\t\t\t\t<svg id=\"peak-center-sharp\" style=\"fill:#ffffff; height:54px;\" preserveAspectRatio=\"none\" viewBox=\"0 0 1442 100\" version=\"1.1\" xmlns=\"http:\/\/www.w3.org\/2000\/svg\" xmlns:xlink=\"http:\/\/www.w3.org\/1999\/xlink\">\n\t\t\t\t\t<path class=\"divider-color\" d=\"M1442,100.777057 L720.647978,17.0144305 L-5.68434189e-14,100.695305 L0,0.777057299 L1442,0.777057299 L1442,100.777057 Z\"><\/path>\n\t\t\t\t<\/svg><\/div>\n<div class=\"dslc-modules-section-wrapper dslc-clearfix\">\n<style type=\"text\/css\" id=\"dslca-modules-area-\"><\/style>\n<div  class=\"dslc-modules-area dslc-col dslc-12-col dslc-last-col dslc-valign- \" data-size=\"12\" data-valign=\"\" data-modules-area-id=\"\" >\n<div id=\"dslc-module-84100d4a648\" class=\"dslc-module-front dslc-module-DSLC_Separator dslc-in-viewport-check dslc-in-viewport-anim-none  dslc-col dslc-12-col dslc-last-col  dslc-module-handle-like-regular \" data-module-id=\"84100d4a648\" data-module=\"DSLC_Separator\" data-dslc-module-size=\"12\" data-dslc-anim=\"none\" data-dslc-anim-delay=\"0\" data-dslc-anim-duration=\"650\"  data-dslc-anim-easing=\"ease\" data-dslc-preset=\"none\" >\n<div class=\"dslc-separator-wrapper\">\n<div class=\"dslc-separator dslc-separator-style-invisible\">\n\t\t\t\t\t\t\t\t\t<\/div>\n<div><\/div>\n<\/p><\/div>\n<p><!-- .dslc-separator-wrapper --><\/p><\/div>\n<p><!-- .dslc-module -->\n\t\t<\/div>\n<style type=\"text\/css\" id=\"dslca-modules-area-\"><\/style>\n<div  class=\"dslc-modules-area dslc-col dslc-12-col dslc-last-col dslc-valign- \" data-size=\"12\" data-valign=\"\" data-modules-area-id=\"\" >\n<div id=\"dslc-module-077f256379a\" class=\"dslc-module-front dslc-module-DSLC_Text_Simple dslc-in-viewport-check dslc-in-viewport-anim-none  dslc-col dslc-12-col dslc-last-col  dslc-module-handle-like-regular \" data-module-id=\"077f256379a\" data-module=\"DSLC_Text_Simple\" data-dslc-module-size=\"12\" data-dslc-anim=\"none\" data-dslc-anim-delay=\"\" data-dslc-anim-duration=\"650\"  data-dslc-anim-easing=\"ease\" data-dslc-preset=\"none\" >\n<div class=\"dslc-text-module-content\">\n<h1 class=\"entry-title\" style=\"text-align: center;\">VR215 Android Touchscreen<\/h1>\n<\/p><\/div>\n<\/p><\/div>\n<p><!-- .dslc-module -->\n\t\t<\/div>\n<style type=\"text\/css\" id=\"dslca-modules-area-\"><\/style>\n<div  class=\"dslc-modules-area dslc-col dslc-12-col dslc-last-col dslc-valign- \" data-size=\"12\" data-valign=\"\" data-modules-area-id=\"\" >\n<div id=\"dslc-module-mg8arbkr5m4\" class=\"dslc-module-front dslc-module-DSLC_Separator dslc-in-viewport-check dslc-in-viewport-anim-none  dslc-col dslc-12-col dslc-last-col  dslc-module-handle-like-regular \" data-module-id=\"mg8arbkr5m4\" data-module=\"DSLC_Separator\" data-dslc-module-size=\"12\" data-dslc-anim=\"none\" data-dslc-anim-delay=\"0\" data-dslc-anim-duration=\"650\"  data-dslc-anim-easing=\"ease\" data-dslc-preset=\"none\" >\n<div class=\"dslc-separator-wrapper\">\n<div class=\"dslc-separator dslc-separator-style-invisible\">\n\t\t\t\t\t\t\t\t\t<\/div>\n<div><\/div>\n<\/p><\/div>\n<p><!-- .dslc-separator-wrapper --><\/p><\/div>\n<p><!-- .dslc-module -->\n\t\t<\/div>\n<\/div>\n<\/div>\n<div  class=\"dslc-modules-section  dslc-full \" style=\"padding-bottom:0px;padding-top:0px;padding-left:5%;padding-right:5%;border-color:rgba(0,0,0,0);border-top-style: hidden; border-right-style: hidden; border-bottom-style: hidden; border-left-style: hidden; \" data-section-id=\"57ead3ca064\">\n<div class=\"dslc-modules-section-wrapper dslc-clearfix\">\n<style type=\"text\/css\" id=\"dslca-modules-area-\"><\/style>\n<div  class=\"dslc-modules-area dslc-col dslc-5-col dslc-first-col dslc-valign- \" data-size=\"5\" data-valign=\"\" data-modules-area-id=\"\" >\n<div id=\"dslc-module-114\" class=\"dslc-module-front dslc-module-DSLC_Text_Simple dslc-in-viewport-check dslc-in-viewport-anim-none  dslc-col dslc-12-col dslc-last-col  dslc-module-handle-like-regular \" data-module-id=\"114\" data-module=\"DSLC_Text_Simple\" data-dslc-module-size=\"12\" data-dslc-anim=\"none\" data-dslc-anim-delay=\"\" data-dslc-anim-duration=\"650\"  data-dslc-anim-easing=\"ease\" data-dslc-preset=\"none\" >\n<div class=\"dslc-text-module-content\">\n<p>Schl\u00fcsselspezifikation<\/p>\n<ul>\n<li>Markenname: BVS-VR215 (Shenzhen Bvsion Tech)<\/li>\n<li>Produkt: 21,5-Zoll-Android-Touch-Tablet<\/li>\n<\/ul>\n<p>Parameter allgemein<\/p>\n<ul>\n<li>CPU: RK3399 Quad-Core-Prozessor, getaktet 2,0 GHz<\/li>\n<li>Arbeitsspeicher: 4 GB; ROM: 32 GB<\/li>\n<li>Betriebssystem: Android 9.0<\/li>\n<\/ul>\n<p>Anzeige<\/p>\n<ul>\n<li>Bildschirm: 21,5 Zoll IPS-Bildschirm mit kapazitivem Touch<\/li>\n<li>Aufl\u00f6sung: 1920*1080<\/li>\n<li>Kontrastverh\u00e4ltnis: 500<\/li>\n<li>Helligkeiten: 250cdm2<\/li>\n<li>Bildschirmma\u00dfstab 16:9<\/li>\n<\/ul>\n<p>Netzwerk<\/p>\n<ul>\n<li>WLAN 802.11b\/g\/n<\/li>\n<li>Ethernet: RJ45<\/li>\n<li>Bluetooth 4.0<\/li>\n<li>Unterst\u00fctzt externen 4G-USB-Dongle<\/li>\n<\/ul>\n<p>Schnittstellen<\/p>\n<ul>\n<li>SD x1 Unterst\u00fctzt SD-Karte (max. 32 G)<\/li>\n<li>Mini-USB x1 USB-OTG<\/li>\n<li>USB-Host x2 USB-Host 2.0<\/li>\n<li>USB-Host x1 USB-Host 3.0<\/li>\n<li>Optionale RJ-45 x1 Netzwerkschnittstelle, unterst\u00fctzt POE<\/li>\n<li>Strombuchse x1 DC-Eingang<\/li>\n<li>Kopfh\u00f6reranschluss x1 3,5-mm-Stereo-Kopfh\u00f6rerausgang<\/li>\n<\/ul>\n<p>Multimedia<\/p>\n<ul>\n<li>Video: MPEG-1, MPEG-2, MPEG-4, H.263, H.264, VC1, RV usw., unterst\u00fctzt bis zu 1080p<\/li>\n<li>Audio: MP3\/WMA\/AAC usw.<\/li>\n<li>Bild: JPEG, JPG<\/li>\n<\/ul>\n<p>Andere Funktionen<\/p>\n<ul>\n<li>Kabellose Maus: Unterst\u00fctzung<\/li>\n<li>drahtlose Tastatur: Unterst\u00fctzung<\/li>\n<li>Lautsprecher: 3Wx2 (Standard)<\/li>\n<li>Kamera: 2-Millionen-Pixel-Kamera, 5-Millionen-Pixel-Kamera optional<\/li>\n<li>OSD-Sprache: Mehrsprachiger OSD-Betrieb<\/li>\n<li>Softwareunterst\u00fctzung: QQ\/Facebook\/Karte\/E-Mail\/Spiele und so weiter<\/li>\n<\/ul><\/div>\n<\/p><\/div>\n<p><!-- .dslc-module -->\n\t\t<\/div>\n<style type=\"text\/css\" id=\"dslca-modules-area-\"><\/style>\n<div  class=\"dslc-modules-area dslc-col dslc-7-col dslc-last-col dslc-valign- \" data-size=\"7\" data-valign=\"\" data-modules-area-id=\"\" >\n<div id=\"dslc-module-6dd7f9c1def\" class=\"dslc-module-front dslc-module-DSLC_Image dslc-in-viewport-check dslc-in-viewport-anim-none  dslc-col dslc-12-col dslc-last-col  dslc-module-handle-like-regular \" data-module-id=\"6dd7f9c1def\" data-module=\"DSLC_Image\" data-dslc-module-size=\"12\" data-dslc-anim=\"none\" data-dslc-anim-delay=\"\" data-dslc-anim-duration=\"650\"  data-dslc-anim-easing=\"ease\" data-dslc-preset=\"none\" >\n<div class=\"dslc-image-container\">\n<div class=\"dslc-image\">\n<p>\t\t\t\t\t\t\t\t\t<img decoding=\"async\" src=\"https:\/\/karls-tech.com\/de\/wp-content\/uploads\/R215-1.jpg\" alt=\"\" title=\"\" srcset=\"https:\/\/karls-tech.com\/de\/wp-content\/uploads\/R215-1.jpg 800w, https:\/\/karls-tech.com\/de\/wp-content\/uploads\/R215-1-300x300.jpg 300w, https:\/\/karls-tech.com\/de\/wp-content\/uploads\/R215-1-150x150.jpg 150w, https:\/\/karls-tech.com\/de\/wp-content\/uploads\/R215-1-768x768.jpg 768w\" sizes=\"(max-width: 800px) 100vw, 800px\" \/><\/p><\/div>\n<p><!-- .dslc-image -->\n\t\t<\/div>\n<\/p><\/div>\n<p><!-- .dslc-module --><\/p>\n<div id=\"dslc-module-n543nodq5vs\" class=\"dslc-module-front dslc-module-DSLC_Image dslc-in-viewport-check dslc-in-viewport-anim-none  dslc-col dslc-12-col dslc-last-col  dslc-module-handle-like-regular \" data-module-id=\"n543nodq5vs\" data-module=\"DSLC_Image\" data-dslc-module-size=\"12\" data-dslc-anim=\"none\" data-dslc-anim-delay=\"\" data-dslc-anim-duration=\"650\"  data-dslc-anim-easing=\"ease\" data-dslc-preset=\"none\" >\n<div class=\"dslc-image-container\">\n<div class=\"dslc-image\">\n<p>\t\t\t\t\t\t\t\t\t<img decoding=\"async\" src=\"https:\/\/karls-tech.com\/de\/wp-content\/uploads\/R215-4.jpg\" alt=\"\" title=\"\" srcset=\"https:\/\/karls-tech.com\/de\/wp-content\/uploads\/R215-4.jpg 755w, https:\/\/karls-tech.com\/de\/wp-content\/uploads\/R215-4-300x166.jpg 300w\" sizes=\"(max-width: 755px) 100vw, 755px\" \/><\/p><\/div>\n<p><!-- .dslc-image -->\n\t\t<\/div>\n<\/p><\/div>\n<p><!-- .dslc-module -->\n\t\t<\/div>\n<style type=\"text\/css\" id=\"dslca-modules-area-\"><\/style>\n<div  class=\"dslc-modules-area dslc-col dslc-12-col dslc-last-col dslc-valign- \" data-size=\"12\" data-valign=\"\" data-modules-area-id=\"\" >\n<div id=\"dslc-module-ccrqaqv3vm\" class=\"dslc-module-front dslc-module-DSLC_Separator dslc-in-viewport-check dslc-in-viewport-anim-none  dslc-col dslc-12-col dslc-last-col  dslc-module-handle-like-regular \" data-module-id=\"ccrqaqv3vm\" data-module=\"DSLC_Separator\" data-dslc-module-size=\"12\" data-dslc-anim=\"none\" data-dslc-anim-delay=\"\" data-dslc-anim-duration=\"650\"  data-dslc-anim-easing=\"ease\" data-dslc-preset=\"none\" >\n<div class=\"dslc-separator-wrapper\">\n<div class=\"dslc-separator dslc-separator-style-invisible\">\n\t\t\t\t\t\t\t\t\t<\/div>\n<div><\/div>\n<\/p><\/div>\n<p><!-- .dslc-separator-wrapper --><\/p><\/div>\n<p><!-- .dslc-module -->\n\t\t<\/div>\n<\/div>\n<\/div>\n<div  class=\"dslc-modules-section  dslc-full \" style=\"margin-left:%;margin-right:%;padding-bottom:0px;padding-top:0px;padding-left:5%;padding-right:5%;border-width:px;border-top-style: hidden; border-right-style: hidden; border-bottom-style: hidden; border-left-style: hidden; \" data-section-id=\"a1vaev6c9v\">\n<div class=\"dslc-modules-section-wrapper dslc-clearfix\">\n<style type=\"text\/css\" id=\"dslca-modules-area-\"><\/style>\n<div  class=\"dslc-modules-area dslc-col dslc-12-col dslc-last-col dslc-valign- \" data-size=\"12\" data-valign=\"\" data-modules-area-id=\"\" >\n<div id=\"dslc-module-2e6jnha3o3s\" class=\"dslc-module-front dslc-module-DSLC_Text_Simple dslc-in-viewport-check dslc-in-viewport-anim-none  dslc-col dslc-12-col dslc-last-col  dslc-module-handle-like-regular \" data-module-id=\"2e6jnha3o3s\" data-module=\"DSLC_Text_Simple\" data-dslc-module-size=\"12\" data-dslc-anim=\"none\" data-dslc-anim-delay=\"\" data-dslc-anim-duration=\"650\"  data-dslc-anim-easing=\"ease\" data-dslc-preset=\"none\" >\n<div class=\"dslc-text-module-content\">\n<h2><strong>Lieferumfang<\/strong><\/h2>\n<\/p><\/div>\n<\/p><\/div>\n<p><!-- .dslc-module -->\n\t\t<\/div>\n<style type=\"text\/css\" id=\"dslca-modules-area-\"><\/style>\n<div  class=\"dslc-modules-area dslc-col dslc-12-col dslc-last-col dslc-valign- \" data-size=\"12\" data-valign=\"\" data-modules-area-id=\"\" >\n<div id=\"dslc-module-a2b655945a8\" class=\"dslc-module-front dslc-module-DSLC_Text_Simple dslc-in-viewport-check dslc-in-viewport-anim-none  dslc-col dslc-12-col dslc-last-col  dslc-module-handle-like-regular \" data-module-id=\"a2b655945a8\" data-module=\"DSLC_Text_Simple\" data-dslc-module-size=\"12\" data-dslc-anim=\"none\" data-dslc-anim-delay=\"\" data-dslc-anim-duration=\"650\"  data-dslc-anim-easing=\"ease\" data-dslc-preset=\"none\" >\n<div class=\"dslc-text-module-content\">\n<ul>\n<li>Touch Screen<\/li>\n<li>Adapter 12V\/4A<\/li>\n<li>Standard bracket (Mounting support)<\/li>\n<\/ul><\/div>\n<\/p><\/div>\n<p><!-- .dslc-module -->\n\t\t<\/div>\n<\/div>\n<\/div>\n<div  class=\"dslc-modules-section \" style=\"\" data-section-id=\"b6ef85a1375\">\n<div class=\"dslc-modules-section-wrapper dslc-clearfix\">\n<style type=\"text\/css\" id=\"dslca-modules-area-\"><\/style>\n<div  class=\"dslc-modules-area dslc-col dslc-12-col dslc-last-col dslc-valign- \" data-size=\"12\" data-valign=\"\" data-modules-area-id=\"\" ><\/div>\n<\/div>\n<\/div>\n<\/div>\n<\/div><\/div>","protected":false},"excerpt":{"rendered":"<p>VR215 Android Touchscreen Schl\u00fcsselspezifikation Markenname: BVS-VR215 (Shenzhen Bvsion Tech) Produkt: 21,5-Zoll-Android-Touch-Tablet Parameter allgemein CPU: RK3399 Quad-Core-Prozessor, getaktet 2,0 GHz Arbeitsspeicher: 4 GB; ROM: 32 GB Betriebssystem: Android 9.0 Anzeige Bildschirm: 21,5 Zoll IPS-Bildschirm mit kapazitivem Touch Aufl\u00f6sung: 1920*1080 Kontrastverh\u00e4ltnis: 500 Helligkeiten: 250cdm2 Bildschirmma\u00dfstab 16:9 Netzwerk WLAN 802.11b\/g\/n Ethernet: RJ45 Bluetooth 4.0 Unterst\u00fctzt externen 4G-USB-Dongle Schnittstellen [&hellip;]<\/p>\n","protected":false},"author":5,"featured_media":0,"parent":61990,"menu_order":0,"comment_status":"closed","ping_status":"closed","template":"","meta":{"footnotes":""},"class_list":["post-62384","page","type-page","status-publish","hentry"],"yoast_head":"<!-- This site is optimized with the Yoast SEO plugin v27.4 - https:\/\/yoast.com\/product\/yoast-seo-wordpress\/ -->\n<title>VR215 Android Touchscreen - Karls Tech GmbH<\/title>\n<meta name=\"description\" content=\"Industrie-Tablet mit Scanner\" \/>\n<meta name=\"robots\" content=\"index, follow, max-snippet:-1, max-image-preview:large, max-video-preview:-1\" \/>\n<link rel=\"canonical\" href=\"https:\/\/karls-tech.com\/de\/produkte\/datenterminals\/vr215-android-touchscreen\/\" \/>\n<meta property=\"og:locale\" content=\"de_DE\" \/>\n<meta property=\"og:type\" content=\"article\" \/>\n<meta property=\"og:title\" content=\"VR215 Android Touchscreen - Karls Tech GmbH\" \/>\n<meta property=\"og:description\" content=\"Industrie-Tablet mit Scanner\" \/>\n<meta property=\"og:url\" content=\"https:\/\/karls-tech.com\/de\/produkte\/datenterminals\/vr215-android-touchscreen\/\" \/>\n<meta property=\"og:site_name\" content=\"Karls Tech GmbH\" \/>\n<meta property=\"article:modified_time\" content=\"2022-10-14T14:58:50+00:00\" \/>\n<meta name=\"twitter:card\" content=\"summary_large_image\" \/>\n<script type=\"application\/ld+json\" class=\"yoast-schema-graph\">{\"@context\":\"https:\\\/\\\/schema.org\",\"@graph\":[{\"@type\":\"WebPage\",\"@id\":\"https:\\\/\\\/karls-tech.com\\\/de\\\/produkte\\\/datenterminals\\\/vr215-android-touchscreen\\\/\",\"url\":\"https:\\\/\\\/karls-tech.com\\\/de\\\/produkte\\\/datenterminals\\\/vr215-android-touchscreen\\\/\",\"name\":\"VR215 Android Touchscreen - Karls Tech GmbH\",\"isPartOf\":{\"@id\":\"https:\\\/\\\/karls-tech.com\\\/de\\\/#website\"},\"primaryImageOfPage\":{\"@id\":\"https:\\\/\\\/karls-tech.com\\\/de\\\/produkte\\\/datenterminals\\\/vr215-android-touchscreen\\\/#primaryimage\"},\"image\":{\"@id\":\"https:\\\/\\\/karls-tech.com\\\/de\\\/produkte\\\/datenterminals\\\/vr215-android-touchscreen\\\/#primaryimage\"},\"thumbnailUrl\":\"https:\\\/\\\/karls-tech.com\\\/de\\\/wp-content\\\/uploads\\\/R215-1.jpg\",\"datePublished\":\"2022-10-14T14:57:34+00:00\",\"dateModified\":\"2022-10-14T14:58:50+00:00\",\"description\":\"Industrie-Tablet mit Scanner\",\"breadcrumb\":{\"@id\":\"https:\\\/\\\/karls-tech.com\\\/de\\\/produkte\\\/datenterminals\\\/vr215-android-touchscreen\\\/#breadcrumb\"},\"inLanguage\":\"de\",\"potentialAction\":[{\"@type\":\"ReadAction\",\"target\":[\"https:\\\/\\\/karls-tech.com\\\/de\\\/produkte\\\/datenterminals\\\/vr215-android-touchscreen\\\/\"]}]},{\"@type\":\"ImageObject\",\"inLanguage\":\"de\",\"@id\":\"https:\\\/\\\/karls-tech.com\\\/de\\\/produkte\\\/datenterminals\\\/vr215-android-touchscreen\\\/#primaryimage\",\"url\":\"https:\\\/\\\/karls-tech.com\\\/de\\\/wp-content\\\/uploads\\\/R215-1.jpg\",\"contentUrl\":\"https:\\\/\\\/karls-tech.com\\\/de\\\/wp-content\\\/uploads\\\/R215-1.jpg\",\"width\":800,\"height\":800},{\"@type\":\"BreadcrumbList\",\"@id\":\"https:\\\/\\\/karls-tech.com\\\/de\\\/produkte\\\/datenterminals\\\/vr215-android-touchscreen\\\/#breadcrumb\",\"itemListElement\":[{\"@type\":\"ListItem\",\"position\":1,\"name\":\"Startseite\",\"item\":\"https:\\\/\\\/karls-tech.com\\\/de\\\/\"},{\"@type\":\"ListItem\",\"position\":2,\"name\":\"Produkte\",\"item\":\"https:\\\/\\\/karls-tech.com\\\/de\\\/produkte\\\/\"},{\"@type\":\"ListItem\",\"position\":3,\"name\":\"Datenterminals\",\"item\":\"https:\\\/\\\/karls-tech.com\\\/de\\\/produkte\\\/datenterminals\\\/\"},{\"@type\":\"ListItem\",\"position\":4,\"name\":\"VR215 Android Touchscreen\"}]},{\"@type\":\"WebSite\",\"@id\":\"https:\\\/\\\/karls-tech.com\\\/de\\\/#website\",\"url\":\"https:\\\/\\\/karls-tech.com\\\/de\\\/\",\"name\":\"Karls Tech GmbH\",\"description\":\"Wearable Barcode Solutions\",\"publisher\":{\"@id\":\"https:\\\/\\\/karls-tech.com\\\/de\\\/#organization\"},\"potentialAction\":[{\"@type\":\"SearchAction\",\"target\":{\"@type\":\"EntryPoint\",\"urlTemplate\":\"https:\\\/\\\/karls-tech.com\\\/de\\\/?s={search_term_string}\"},\"query-input\":{\"@type\":\"PropertyValueSpecification\",\"valueRequired\":true,\"valueName\":\"search_term_string\"}}],\"inLanguage\":\"de\"},{\"@type\":\"Organization\",\"@id\":\"https:\\\/\\\/karls-tech.com\\\/de\\\/#organization\",\"name\":\"Karls Tech GmbH\",\"url\":\"https:\\\/\\\/karls-tech.com\\\/de\\\/\",\"logo\":{\"@type\":\"ImageObject\",\"inLanguage\":\"de\",\"@id\":\"https:\\\/\\\/karls-tech.com\\\/de\\\/#\\\/schema\\\/logo\\\/image\\\/\",\"url\":\"https:\\\/\\\/karls-tech.com\\\/de\\\/wp-content\\\/uploads\\\/Karls-Tech-Logo.png\",\"contentUrl\":\"https:\\\/\\\/karls-tech.com\\\/de\\\/wp-content\\\/uploads\\\/Karls-Tech-Logo.png\",\"width\":317,\"height\":62,\"caption\":\"Karls Tech GmbH\"},\"image\":{\"@id\":\"https:\\\/\\\/karls-tech.com\\\/de\\\/#\\\/schema\\\/logo\\\/image\\\/\"}}]}<\/script>\n<!-- \/ Yoast SEO plugin. -->","yoast_head_json":{"title":"VR215 Android Touchscreen - Karls Tech GmbH","description":"Industrie-Tablet mit Scanner","robots":{"index":"index","follow":"follow","max-snippet":"max-snippet:-1","max-image-preview":"max-image-preview:large","max-video-preview":"max-video-preview:-1"},"canonical":"https:\/\/karls-tech.com\/de\/produkte\/datenterminals\/vr215-android-touchscreen\/","og_locale":"de_DE","og_type":"article","og_title":"VR215 Android Touchscreen - Karls Tech GmbH","og_description":"Industrie-Tablet mit Scanner","og_url":"https:\/\/karls-tech.com\/de\/produkte\/datenterminals\/vr215-android-touchscreen\/","og_site_name":"Karls Tech GmbH","article_modified_time":"2022-10-14T14:58:50+00:00","twitter_card":"summary_large_image","schema":{"@context":"https:\/\/schema.org","@graph":[{"@type":"WebPage","@id":"https:\/\/karls-tech.com\/de\/produkte\/datenterminals\/vr215-android-touchscreen\/","url":"https:\/\/karls-tech.com\/de\/produkte\/datenterminals\/vr215-android-touchscreen\/","name":"VR215 Android Touchscreen - Karls Tech GmbH","isPartOf":{"@id":"https:\/\/karls-tech.com\/de\/#website"},"primaryImageOfPage":{"@id":"https:\/\/karls-tech.com\/de\/produkte\/datenterminals\/vr215-android-touchscreen\/#primaryimage"},"image":{"@id":"https:\/\/karls-tech.com\/de\/produkte\/datenterminals\/vr215-android-touchscreen\/#primaryimage"},"thumbnailUrl":"https:\/\/karls-tech.com\/de\/wp-content\/uploads\/R215-1.jpg","datePublished":"2022-10-14T14:57:34+00:00","dateModified":"2022-10-14T14:58:50+00:00","description":"Industrie-Tablet mit Scanner","breadcrumb":{"@id":"https:\/\/karls-tech.com\/de\/produkte\/datenterminals\/vr215-android-touchscreen\/#breadcrumb"},"inLanguage":"de","potentialAction":[{"@type":"ReadAction","target":["https:\/\/karls-tech.com\/de\/produkte\/datenterminals\/vr215-android-touchscreen\/"]}]},{"@type":"ImageObject","inLanguage":"de","@id":"https:\/\/karls-tech.com\/de\/produkte\/datenterminals\/vr215-android-touchscreen\/#primaryimage","url":"https:\/\/karls-tech.com\/de\/wp-content\/uploads\/R215-1.jpg","contentUrl":"https:\/\/karls-tech.com\/de\/wp-content\/uploads\/R215-1.jpg","width":800,"height":800},{"@type":"BreadcrumbList","@id":"https:\/\/karls-tech.com\/de\/produkte\/datenterminals\/vr215-android-touchscreen\/#breadcrumb","itemListElement":[{"@type":"ListItem","position":1,"name":"Startseite","item":"https:\/\/karls-tech.com\/de\/"},{"@type":"ListItem","position":2,"name":"Produkte","item":"https:\/\/karls-tech.com\/de\/produkte\/"},{"@type":"ListItem","position":3,"name":"Datenterminals","item":"https:\/\/karls-tech.com\/de\/produkte\/datenterminals\/"},{"@type":"ListItem","position":4,"name":"VR215 Android Touchscreen"}]},{"@type":"WebSite","@id":"https:\/\/karls-tech.com\/de\/#website","url":"https:\/\/karls-tech.com\/de\/","name":"Karls Tech GmbH","description":"Wearable Barcode Solutions","publisher":{"@id":"https:\/\/karls-tech.com\/de\/#organization"},"potentialAction":[{"@type":"SearchAction","target":{"@type":"EntryPoint","urlTemplate":"https:\/\/karls-tech.com\/de\/?s={search_term_string}"},"query-input":{"@type":"PropertyValueSpecification","valueRequired":true,"valueName":"search_term_string"}}],"inLanguage":"de"},{"@type":"Organization","@id":"https:\/\/karls-tech.com\/de\/#organization","name":"Karls Tech GmbH","url":"https:\/\/karls-tech.com\/de\/","logo":{"@type":"ImageObject","inLanguage":"de","@id":"https:\/\/karls-tech.com\/de\/#\/schema\/logo\/image\/","url":"https:\/\/karls-tech.com\/de\/wp-content\/uploads\/Karls-Tech-Logo.png","contentUrl":"https:\/\/karls-tech.com\/de\/wp-content\/uploads\/Karls-Tech-Logo.png","width":317,"height":62,"caption":"Karls Tech GmbH"},"image":{"@id":"https:\/\/karls-tech.com\/de\/#\/schema\/logo\/image\/"}}]}},"_links":{"self":[{"href":"https:\/\/karls-tech.com\/de\/wp-json\/wp\/v2\/pages\/62384","targetHints":{"allow":["GET"]}}],"collection":[{"href":"https:\/\/karls-tech.com\/de\/wp-json\/wp\/v2\/pages"}],"about":[{"href":"https:\/\/karls-tech.com\/de\/wp-json\/wp\/v2\/types\/page"}],"author":[{"embeddable":true,"href":"https:\/\/karls-tech.com\/de\/wp-json\/wp\/v2\/users\/5"}],"replies":[{"embeddable":true,"href":"https:\/\/karls-tech.com\/de\/wp-json\/wp\/v2\/comments?post=62384"}],"version-history":[{"count":1,"href":"https:\/\/karls-tech.com\/de\/wp-json\/wp\/v2\/pages\/62384\/revisions"}],"predecessor-version":[{"id":62385,"href":"https:\/\/karls-tech.com\/de\/wp-json\/wp\/v2\/pages\/62384\/revisions\/62385"}],"up":[{"embeddable":true,"href":"https:\/\/karls-tech.com\/de\/wp-json\/wp\/v2\/pages\/61990"}],"wp:attachment":[{"href":"https:\/\/karls-tech.com\/de\/wp-json\/wp\/v2\/media?parent=62384"}],"curies":[{"name":"wp","href":"https:\/\/api.w.org\/{rel}","templated":true}]}}