{"id":61838,"date":"2021-03-09T09:12:58","date_gmt":"2021-03-09T08:12:58","guid":{"rendered":"https:\/\/karls-tech.suparo.de\/?page_id=61838"},"modified":"2022-11-17T09:30:22","modified_gmt":"2022-11-17T08:30:22","slug":"ab1000-handy-armband-mit-akku","status":"publish","type":"page","link":"https:\/\/karls-tech.com\/de\/produkte\/zubehoer\/halter\/ab1000-handy-armband-mit-akku\/","title":{"rendered":"AB1000 Handy Armband mit Akku"},"content":{"rendered":"<div id=\"dslc-theme-content\"><div id=\"dslc-theme-content-inner\"><div id=\"dslc-main\">\n<div  class=\"dslc-modules-section  dslc-full \" style=\"padding-bottom:0px;padding-top:0px;padding-left:5%;padding-right:5%;background-color:rgba(0,0,0,0);background-image:url(https:\/\/karls-tech.com\/de\/wp-content\/uploads\/karls-tech-banner.jpg);background-repeat:no-repeat;background-position:center top;background-size:cover;border-right-style: hidden; border-left-style: hidden; \" data-section-id=\"362bf815292\">\n<div class=\"dslc-bg-video dslc-force-show\">\n<div class=\"dslc-bg-video-overlay\" style=\"background-color:#000000; opacity:0.6; \"><\/div>\n<\/div>\n<div class=\"dslc-section-divider dslc-flip-hor\"\n\t\t\t\t\tdata-divider-pos=\"bottom\"\n\t\t\t\t\tdata-divider-style=\"peak-center-sharp\"><br \/>\n\t\t\t\t<svg id=\"peak-center-sharp\" style=\"fill:#ffffff; height:54px;\" preserveAspectRatio=\"none\" viewBox=\"0 0 1442 100\" version=\"1.1\" xmlns=\"http:\/\/www.w3.org\/2000\/svg\" xmlns:xlink=\"http:\/\/www.w3.org\/1999\/xlink\">\n\t\t\t\t\t<path class=\"divider-color\" d=\"M1442,100.777057 L720.647978,17.0144305 L-5.68434189e-14,100.695305 L0,0.777057299 L1442,0.777057299 L1442,100.777057 Z\"><\/path>\n\t\t\t\t<\/svg><\/div>\n<div class=\"dslc-modules-section-wrapper dslc-clearfix\">\n<style type=\"text\/css\" id=\"dslca-modules-area-\"><\/style>\n<div  class=\"dslc-modules-area dslc-col dslc-12-col dslc-last-col dslc-valign- \" data-size=\"12\" data-valign=\"\" data-modules-area-id=\"\" >\n<div id=\"dslc-module-84100d4a648\" class=\"dslc-module-front dslc-module-DSLC_Separator dslc-in-viewport-check dslc-in-viewport-anim-none  dslc-col dslc-12-col dslc-last-col  dslc-module-handle-like-regular \" data-module-id=\"84100d4a648\" data-module=\"DSLC_Separator\" data-dslc-module-size=\"12\" data-dslc-anim=\"none\" data-dslc-anim-delay=\"0\" data-dslc-anim-duration=\"650\"  data-dslc-anim-easing=\"ease\" data-dslc-preset=\"none\" >\n<div class=\"dslc-separator-wrapper\">\n<div class=\"dslc-separator dslc-separator-style-invisible\">\n\t\t\t\t\t\t\t\t\t<\/div>\n<div><\/div>\n<\/p><\/div>\n<p><!-- .dslc-separator-wrapper --><\/p><\/div>\n<p><!-- .dslc-module -->\n\t\t<\/div>\n<style type=\"text\/css\" id=\"dslca-modules-area-\"><\/style>\n<div  class=\"dslc-modules-area dslc-col dslc-12-col dslc-last-col dslc-valign- \" data-size=\"12\" data-valign=\"\" data-modules-area-id=\"\" >\n<div id=\"dslc-module-077f256379a\" class=\"dslc-module-front dslc-module-DSLC_Text_Simple dslc-in-viewport-check dslc-in-viewport-anim-none  dslc-col dslc-12-col dslc-last-col  dslc-module-handle-like-regular \" data-module-id=\"077f256379a\" data-module=\"DSLC_Text_Simple\" data-dslc-module-size=\"12\" data-dslc-anim=\"none\" data-dslc-anim-delay=\"\" data-dslc-anim-duration=\"650\"  data-dslc-anim-easing=\"ease\" data-dslc-preset=\"none\" >\n<div class=\"dslc-text-module-content\">\n<h1 class=\"entry-title\" style=\"text-align: center;\">AB1000 Handy Armband mit Akku<\/h1>\n<\/p><\/div>\n<\/p><\/div>\n<p><!-- .dslc-module -->\n\t\t<\/div>\n<style type=\"text\/css\" id=\"dslca-modules-area-\"><\/style>\n<div  class=\"dslc-modules-area dslc-col dslc-12-col dslc-last-col dslc-valign- \" data-size=\"12\" data-valign=\"\" data-modules-area-id=\"\" >\n<div id=\"dslc-module-mg8arbkr5m4\" class=\"dslc-module-front dslc-module-DSLC_Separator dslc-in-viewport-check dslc-in-viewport-anim-none  dslc-col dslc-12-col dslc-last-col  dslc-module-handle-like-regular \" data-module-id=\"mg8arbkr5m4\" data-module=\"DSLC_Separator\" data-dslc-module-size=\"12\" data-dslc-anim=\"none\" data-dslc-anim-delay=\"0\" data-dslc-anim-duration=\"650\"  data-dslc-anim-easing=\"ease\" data-dslc-preset=\"none\" >\n<div class=\"dslc-separator-wrapper\">\n<div class=\"dslc-separator dslc-separator-style-invisible\">\n\t\t\t\t\t\t\t\t\t<\/div>\n<div><\/div>\n<\/p><\/div>\n<p><!-- .dslc-separator-wrapper --><\/p><\/div>\n<p><!-- .dslc-module -->\n\t\t<\/div>\n<\/div>\n<\/div>\n<div  class=\"dslc-modules-section  dslc-full \" style=\"margin-bottom:10px;padding-bottom:10px;padding-top:10px;padding-left:5%;padding-right:5%;border-color:rgba(0,0,0,0);border-top-style: hidden; border-right-style: hidden; border-bottom-style: hidden; border-left-style: hidden; \" data-section-id=\"57ead3ca064\">\n<div class=\"dslc-modules-section-wrapper dslc-clearfix\">\n<style type=\"text\/css\" id=\"dslca-modules-area-\"><\/style>\n<div  class=\"dslc-modules-area dslc-col dslc-5-col dslc-first-col dslc-valign- \" data-size=\"5\" data-valign=\"\" data-modules-area-id=\"\" >\n<div id=\"dslc-module-298026e15f5\" class=\"dslc-module-front dslc-module-DSLC_Separator dslc-in-viewport-check dslc-in-viewport-anim-none  dslc-col dslc-12-col dslc-last-col  dslc-module-handle-like-regular \" data-module-id=\"298026e15f5\" data-module=\"DSLC_Separator\" data-dslc-module-size=\"12\" data-dslc-anim=\"none\" data-dslc-anim-delay=\"0\" data-dslc-anim-duration=\"650\"  data-dslc-anim-easing=\"ease\" data-dslc-preset=\"none\" >\n<div class=\"dslc-separator-wrapper\">\n<div class=\"dslc-separator dslc-separator-style-invisible\">\n\t\t\t\t\t\t\t\t\t<\/div>\n<div><\/div>\n<\/p><\/div>\n<p><!-- .dslc-separator-wrapper --><\/p><\/div>\n<p><!-- .dslc-module --><\/p>\n<div id=\"dslc-module-27ea13b03b7\" class=\"dslc-module-front dslc-module-DSLC_Text_Simple dslc-in-viewport-check dslc-in-viewport-anim-none  dslc-col dslc-12-col dslc-last-col  dslc-module-handle-like-regular \" data-module-id=\"27ea13b03b7\" data-module=\"DSLC_Text_Simple\" data-dslc-module-size=\"12\" data-dslc-anim=\"none\" data-dslc-anim-delay=\"\" data-dslc-anim-duration=\"650\"  data-dslc-anim-easing=\"ease\" data-dslc-preset=\"none\" >\n<div class=\"dslc-text-module-content\">\n<p>In Kombination mit Ring-Barcode-Scannern (GS R1000BT, R1500BT oder R5000BT) und mobilen Ger\u00e4ten wird er speziell f\u00fcr die Kommissionier- und Sortieranwendung verwendet und bietet eine Freisprechl\u00f6sung. Das ergonomische tragbare Design mit der patentierten drehbaren Plattform erleichtert Ihnen die Bedienung auf Mobilger\u00e4ten oder Tablets erheblich.<\/p>\n<\/p><\/div>\n<\/p><\/div>\n<p><!-- .dslc-module --><\/p>\n<div id=\"dslc-module-b1ada29c6a3\" class=\"dslc-module-front dslc-module-DSLC_Separator dslc-in-viewport-check dslc-in-viewport-anim-none  dslc-col dslc-12-col dslc-last-col  dslc-module-handle-like-regular \" data-module-id=\"b1ada29c6a3\" data-module=\"DSLC_Separator\" data-dslc-module-size=\"12\" data-dslc-anim=\"none\" data-dslc-anim-delay=\"0\" data-dslc-anim-duration=\"650\"  data-dslc-anim-easing=\"ease\" data-dslc-preset=\"none\" >\n<div class=\"dslc-separator-wrapper\">\n<div class=\"dslc-separator dslc-separator-style-invisible\">\n\t\t\t\t\t\t\t\t\t<\/div>\n<div><\/div>\n<\/p><\/div>\n<p><!-- .dslc-separator-wrapper --><\/p><\/div>\n<p><!-- .dslc-module --><\/p>\n<div id=\"dslc-module-ad243e6d55d\" class=\"dslc-module-front dslc-module-DSLC_Text_Simple dslc-in-viewport-check dslc-in-viewport-anim-none  dslc-col dslc-12-col dslc-last-col  dslc-module-handle-like-regular \" data-module-id=\"ad243e6d55d\" data-module=\"DSLC_Text_Simple\" data-dslc-module-size=\"12\" data-dslc-anim=\"none\" data-dslc-anim-delay=\"\" data-dslc-anim-duration=\"650\"  data-dslc-anim-easing=\"ease\" data-dslc-preset=\"none\" >\n<div class=\"dslc-text-module-content\">\n<h3>Schl\u00fcsselspezifikationen<\/h3>\n<\/p><\/div>\n<\/p><\/div>\n<p><!-- .dslc-module --><\/p>\n<div id=\"dslc-module-114\" class=\"dslc-module-front dslc-module-DSLC_Text_Simple dslc-in-viewport-check dslc-in-viewport-anim-none  dslc-col dslc-12-col dslc-last-col  dslc-module-handle-like-regular \" data-module-id=\"114\" data-module=\"DSLC_Text_Simple\" data-dslc-module-size=\"12\" data-dslc-anim=\"none\" data-dslc-anim-delay=\"\" data-dslc-anim-duration=\"650\"  data-dslc-anim-easing=\"ease\" data-dslc-preset=\"none\" >\n<div class=\"dslc-text-module-content\">\n<p>\u00a0<\/p>\n<ul>\n<li>Markenname: Generalscan AB1000<\/li>\n<li>Eingebaute austauschbare 3100 mAh Batterie<\/li>\n<li>Patentierte Rotationsplattform<\/li>\n<li>Langlebiger Stromabnehmer<\/li>\n<li>Leichtgewicht 275g<\/li>\n<li>CE, RHoS-Zertifizierung<\/li>\n<\/ul><\/div>\n<\/p><\/div>\n<p><!-- .dslc-module -->\n\t\t<\/div>\n<style type=\"text\/css\" id=\"dslca-modules-area-\"><\/style>\n<div  class=\"dslc-modules-area dslc-col dslc-7-col dslc-last-col dslc-valign- \" data-size=\"7\" data-valign=\"\" data-modules-area-id=\"\" >\n<div id=\"dslc-module-6dd7f9c1def\" class=\"dslc-module-front dslc-module-DSLC_Image dslc-in-viewport-check dslc-in-viewport-anim-none  dslc-col dslc-12-col dslc-last-col  dslc-module-handle-like-regular \" data-module-id=\"6dd7f9c1def\" data-module=\"DSLC_Image\" data-dslc-module-size=\"12\" data-dslc-anim=\"none\" data-dslc-anim-delay=\"\" data-dslc-anim-duration=\"650\"  data-dslc-anim-easing=\"ease\" data-dslc-preset=\"none\" >\n<div class=\"dslc-image-container\">\n<div class=\"dslc-image\">\n<p>\t\t\t\t\t\t\t\t\t<img decoding=\"async\" src=\"https:\/\/karls-tech.com\/de\/wp-content\/uploads\/AB1000-Handy-Armband-with-Battery.jpg\" alt=\"\" title=\"\" srcset=\"https:\/\/karls-tech.com\/de\/wp-content\/uploads\/AB1000-Handy-Armband-with-Battery.jpg 400w, https:\/\/karls-tech.com\/de\/wp-content\/uploads\/AB1000-Handy-Armband-with-Battery-300x300.jpg 300w, https:\/\/karls-tech.com\/de\/wp-content\/uploads\/AB1000-Handy-Armband-with-Battery-150x150.jpg 150w\" sizes=\"(max-width: 400px) 100vw, 400px\" \/><\/p><\/div>\n<p><!-- .dslc-image -->\n\t\t<\/div>\n<\/p><\/div>\n<p><!-- .dslc-module --><\/p>\n<div id=\"dslc-module-01409af83e5\" class=\"dslc-module-front dslc-module-DSLC_Separator dslc-in-viewport-check dslc-in-viewport-anim-none  dslc-col dslc-12-col dslc-last-col  dslc-module-handle-like-regular \" data-module-id=\"01409af83e5\" data-module=\"DSLC_Separator\" data-dslc-module-size=\"12\" data-dslc-anim=\"none\" data-dslc-anim-delay=\"0\" data-dslc-anim-duration=\"650\"  data-dslc-anim-easing=\"ease\" data-dslc-preset=\"none\" >\n<div class=\"dslc-separator-wrapper\">\n<div class=\"dslc-separator dslc-separator-style-invisible\">\n\t\t\t\t\t\t\t\t\t<\/div>\n<div><\/div>\n<\/p><\/div>\n<p><!-- .dslc-separator-wrapper --><\/p><\/div>\n<p><!-- .dslc-module --><\/p>\n<div id=\"dslc-module-nfhd5b7fe2c\" class=\"dslc-module-front dslc-module-DSLC_Image dslc-in-viewport-check dslc-in-viewport-anim-none  dslc-col dslc-12-col dslc-last-col  dslc-module-handle-like-regular \" data-module-id=\"nfhd5b7fe2c\" data-module=\"DSLC_Image\" data-dslc-module-size=\"12\" data-dslc-anim=\"none\" data-dslc-anim-delay=\"\" data-dslc-anim-duration=\"650\"  data-dslc-anim-easing=\"ease\" data-dslc-preset=\"none\" >\n<div class=\"dslc-image-container\">\n<div class=\"dslc-image\">\n<p>\t\t\t\t\t\t\t\t\t<img decoding=\"async\" src=\"https:\/\/karls-tech.com\/de\/wp-content\/uploads\/AB1000-Handy-Armband-with-Battery-2.jpg\" alt=\"\" title=\"\" srcset=\"https:\/\/karls-tech.com\/de\/wp-content\/uploads\/AB1000-Handy-Armband-with-Battery-2.jpg 400w, https:\/\/karls-tech.com\/de\/wp-content\/uploads\/AB1000-Handy-Armband-with-Battery-2-300x244.jpg 300w\" sizes=\"(max-width: 400px) 100vw, 400px\" \/><\/p><\/div>\n<p><!-- .dslc-image -->\n\t\t<\/div>\n<\/p><\/div>\n<p><!-- .dslc-module -->\n\t\t<\/div>\n<style type=\"text\/css\" id=\"dslca-modules-area-\"><\/style>\n<div  class=\"dslc-modules-area dslc-col dslc-12-col dslc-last-col dslc-valign- \" data-size=\"12\" data-valign=\"\" data-modules-area-id=\"\" >\n<div id=\"dslc-module-ccrqaqv3vm\" class=\"dslc-module-front dslc-module-DSLC_Separator dslc-in-viewport-check dslc-in-viewport-anim-none  dslc-col dslc-12-col dslc-last-col  dslc-module-handle-like-regular \" data-module-id=\"ccrqaqv3vm\" data-module=\"DSLC_Separator\" data-dslc-module-size=\"12\" data-dslc-anim=\"none\" data-dslc-anim-delay=\"\" data-dslc-anim-duration=\"650\"  data-dslc-anim-easing=\"ease\" data-dslc-preset=\"none\" >\n<div class=\"dslc-separator-wrapper\">\n<div class=\"dslc-separator dslc-separator-style-invisible\">\n\t\t\t\t\t\t\t\t\t<\/div>\n<div><\/div>\n<\/p><\/div>\n<p><!-- .dslc-separator-wrapper --><\/p><\/div>\n<p><!-- .dslc-module -->\n\t\t<\/div>\n<\/div>\n<\/div>\n<div  class=\"dslc-modules-section  dslc-full \" style=\"margin-left:%;margin-right:%;padding-bottom:0px;padding-top:0px;padding-left:5%;padding-right:5%;border-width:px;border-top-style: hidden; border-right-style: hidden; border-bottom-style: hidden; border-left-style: hidden; \" data-section-id=\"a1vaev6c9v\">\n<div class=\"dslc-modules-section-wrapper dslc-clearfix\">\n<style type=\"text\/css\" id=\"dslca-modules-area-\"><\/style>\n<div  class=\"dslc-modules-area dslc-col dslc-12-col dslc-last-col dslc-valign- \" data-size=\"12\" data-valign=\"\" data-modules-area-id=\"\" >\n<div id=\"dslc-module-1561r5lo5ko\" class=\"dslc-module-front dslc-module-DSLC_Text_Simple dslc-in-viewport-check dslc-in-viewport-anim-none  dslc-col dslc-12-col dslc-last-col  dslc-module-handle-like-regular \" data-module-id=\"1561r5lo5ko\" data-module=\"DSLC_Text_Simple\" data-dslc-module-size=\"12\" data-dslc-anim=\"none\" data-dslc-anim-delay=\"\" data-dslc-anim-duration=\"650\"  data-dslc-anim-easing=\"ease\" data-dslc-preset=\"none\" >\n<div class=\"dslc-text-module-content\">\n<h2><strong>Ressourcen-Links<\/strong><\/h2>\n<\/p><\/div>\n<\/p><\/div>\n<p><!-- .dslc-module -->\n\t\t<\/div>\n<style type=\"text\/css\" id=\"dslca-modules-area-\"><\/style>\n<div  class=\"dslc-modules-area dslc-col dslc-12-col dslc-last-col dslc-valign- \" data-size=\"12\" data-valign=\"\" data-modules-area-id=\"\" >\n<div id=\"dslc-module-ebb4fa46542\" class=\"dslc-module-front dslc-module-DSLC_Button dslc-in-viewport-check dslc-in-viewport-anim-none  dslc-col dslc-12-col dslc-last-col  dslc-module-handle-like-regular \" data-module-id=\"ebb4fa46542\" data-module=\"DSLC_Button\" data-dslc-module-size=\"12\" data-dslc-anim=\"none\" data-dslc-anim-delay=\"\" data-dslc-anim-duration=\"650\"  data-dslc-anim-easing=\"ease\" data-dslc-preset=\"none\" >\n<div class=\"dslc-button\">\n\t\t\t\t\t\t\t\t\t<a href=\"https:\/\/karls-tech.com\/resources\/Generalscan-AB1000-Armband-Specification.pdf\" target=\"_blank\"  onClick=\"\" class=\"\"><br \/>\n\t\t\t\t\t\t\t\t\t\t\t\t\t\t\t\t\t\t\t\t\t<span class=\"dslc-icon dslc-icon-ext-inbox\"><\/span><br \/>\n\t\t\t\t\t\t\t\t\t\t\t\t\t\t\t\t\t\t\t\t\t\t\t\t\t\t<span>PDF herunterladen: Spezifikation (986 KB)<\/span><br \/>\n\t\t\t\t\t\t\t\t\t\t\t\t\t\t\t\t\t<\/a>\n\t\t\t\t\t\t\t<\/div>\n<p><!-- .dslc-button --><\/p><\/div>\n<p><!-- .dslc-module -->\n\t\t<\/div>\n<\/div>\n<\/div>\n<div  class=\"dslc-modules-section \" style=\"\" data-section-id=\"5d3017bdc21\">\n<div class=\"dslc-modules-section-wrapper dslc-clearfix\">\n<style type=\"text\/css\" id=\"dslca-modules-area-\"><\/style>\n<div  class=\"dslc-modules-area dslc-col dslc-12-col dslc-last-col dslc-valign- \" data-size=\"12\" data-valign=\"\" data-modules-area-id=\"\" ><\/div>\n<\/div>\n<\/div>\n<\/div>\n<\/div><\/div>","protected":false},"excerpt":{"rendered":"<p>AB1000 Handy Armband mit Akku In Kombination mit Ring-Barcode-Scannern (GS R1000BT, R1500BT oder R5000BT) und mobilen Ger\u00e4ten wird er speziell f\u00fcr die Kommissionier- und Sortieranwendung verwendet und bietet eine Freisprechl\u00f6sung. Das ergonomische tragbare Design mit der patentierten drehbaren Plattform erleichtert Ihnen die Bedienung auf Mobilger\u00e4ten oder Tablets erheblich. Schl\u00fcsselspezifikationen \u00a0 Markenname: Generalscan AB1000 Eingebaute austauschbare [&hellip;]<\/p>\n","protected":false},"author":2,"featured_media":0,"parent":61836,"menu_order":0,"comment_status":"closed","ping_status":"closed","template":"","meta":{"footnotes":""},"class_list":["post-61838","page","type-page","status-publish","hentry"],"yoast_head":"<!-- This site is optimized with the Yoast SEO plugin v27.4 - https:\/\/yoast.com\/product\/yoast-seo-wordpress\/ -->\n<title>AB1000 Handy Armband mit Akku - Karls Tech GmbH<\/title>\n<meta name=\"robots\" content=\"index, follow, max-snippet:-1, max-image-preview:large, max-video-preview:-1\" \/>\n<link rel=\"canonical\" href=\"https:\/\/karls-tech.com\/de\/produkte\/zubehoer\/halter\/ab1000-handy-armband-mit-akku\/\" \/>\n<meta property=\"og:locale\" content=\"de_DE\" \/>\n<meta property=\"og:type\" content=\"article\" \/>\n<meta property=\"og:title\" content=\"AB1000 Handy Armband mit Akku - Karls Tech GmbH\" \/>\n<meta property=\"og:description\" content=\"AB1000 Handy Armband mit Akku In Kombination mit Ring-Barcode-Scannern (GS R1000BT, R1500BT oder R5000BT) und mobilen Ger\u00e4ten wird er speziell f\u00fcr die Kommissionier- und Sortieranwendung verwendet und bietet eine Freisprechl\u00f6sung. Das ergonomische tragbare Design mit der patentierten drehbaren Plattform erleichtert Ihnen die Bedienung auf Mobilger\u00e4ten oder Tablets erheblich. Schl\u00fcsselspezifikationen \u00a0 Markenname: Generalscan AB1000 Eingebaute austauschbare [&hellip;]\" \/>\n<meta property=\"og:url\" content=\"https:\/\/karls-tech.com\/de\/produkte\/zubehoer\/halter\/ab1000-handy-armband-mit-akku\/\" \/>\n<meta property=\"og:site_name\" content=\"Karls Tech GmbH\" \/>\n<meta property=\"article:modified_time\" content=\"2022-11-17T08:30:22+00:00\" \/>\n<meta name=\"twitter:card\" content=\"summary_large_image\" \/>\n<script type=\"application\/ld+json\" class=\"yoast-schema-graph\">{\"@context\":\"https:\\\/\\\/schema.org\",\"@graph\":[{\"@type\":\"WebPage\",\"@id\":\"https:\\\/\\\/karls-tech.com\\\/de\\\/produkte\\\/zubehoer\\\/halter\\\/ab1000-handy-armband-mit-akku\\\/\",\"url\":\"https:\\\/\\\/karls-tech.com\\\/de\\\/produkte\\\/zubehoer\\\/halter\\\/ab1000-handy-armband-mit-akku\\\/\",\"name\":\"AB1000 Handy Armband mit Akku - Karls Tech GmbH\",\"isPartOf\":{\"@id\":\"https:\\\/\\\/karls-tech.com\\\/de\\\/#website\"},\"primaryImageOfPage\":{\"@id\":\"https:\\\/\\\/karls-tech.com\\\/de\\\/produkte\\\/zubehoer\\\/halter\\\/ab1000-handy-armband-mit-akku\\\/#primaryimage\"},\"image\":{\"@id\":\"https:\\\/\\\/karls-tech.com\\\/de\\\/produkte\\\/zubehoer\\\/halter\\\/ab1000-handy-armband-mit-akku\\\/#primaryimage\"},\"thumbnailUrl\":\"https:\\\/\\\/karls-tech.com\\\/de\\\/wp-content\\\/uploads\\\/AB1000-Handy-Armband-with-Battery.jpg\",\"datePublished\":\"2021-03-09T08:12:58+00:00\",\"dateModified\":\"2022-11-17T08:30:22+00:00\",\"breadcrumb\":{\"@id\":\"https:\\\/\\\/karls-tech.com\\\/de\\\/produkte\\\/zubehoer\\\/halter\\\/ab1000-handy-armband-mit-akku\\\/#breadcrumb\"},\"inLanguage\":\"de\",\"potentialAction\":[{\"@type\":\"ReadAction\",\"target\":[\"https:\\\/\\\/karls-tech.com\\\/de\\\/produkte\\\/zubehoer\\\/halter\\\/ab1000-handy-armband-mit-akku\\\/\"]}]},{\"@type\":\"ImageObject\",\"inLanguage\":\"de\",\"@id\":\"https:\\\/\\\/karls-tech.com\\\/de\\\/produkte\\\/zubehoer\\\/halter\\\/ab1000-handy-armband-mit-akku\\\/#primaryimage\",\"url\":\"https:\\\/\\\/karls-tech.com\\\/de\\\/wp-content\\\/uploads\\\/AB1000-Handy-Armband-with-Battery.jpg\",\"contentUrl\":\"https:\\\/\\\/karls-tech.com\\\/de\\\/wp-content\\\/uploads\\\/AB1000-Handy-Armband-with-Battery.jpg\",\"width\":400,\"height\":400,\"caption\":\"AB1000 Handy Armband with Battery\"},{\"@type\":\"BreadcrumbList\",\"@id\":\"https:\\\/\\\/karls-tech.com\\\/de\\\/produkte\\\/zubehoer\\\/halter\\\/ab1000-handy-armband-mit-akku\\\/#breadcrumb\",\"itemListElement\":[{\"@type\":\"ListItem\",\"position\":1,\"name\":\"Startseite\",\"item\":\"https:\\\/\\\/karls-tech.com\\\/de\\\/\"},{\"@type\":\"ListItem\",\"position\":2,\"name\":\"Produkte\",\"item\":\"https:\\\/\\\/karls-tech.com\\\/de\\\/produkte\\\/\"},{\"@type\":\"ListItem\",\"position\":3,\"name\":\"Zubeh\u00f6r\",\"item\":\"https:\\\/\\\/karls-tech.com\\\/de\\\/produkte\\\/zubehoer\\\/\"},{\"@type\":\"ListItem\",\"position\":4,\"name\":\"Halter\",\"item\":\"https:\\\/\\\/karls-tech.com\\\/de\\\/produkte\\\/zubehoer\\\/halter\\\/\"},{\"@type\":\"ListItem\",\"position\":5,\"name\":\"AB1000 Handy Armband mit Akku\"}]},{\"@type\":\"WebSite\",\"@id\":\"https:\\\/\\\/karls-tech.com\\\/de\\\/#website\",\"url\":\"https:\\\/\\\/karls-tech.com\\\/de\\\/\",\"name\":\"Karls Tech GmbH\",\"description\":\"Wearable Barcode Solutions\",\"publisher\":{\"@id\":\"https:\\\/\\\/karls-tech.com\\\/de\\\/#organization\"},\"potentialAction\":[{\"@type\":\"SearchAction\",\"target\":{\"@type\":\"EntryPoint\",\"urlTemplate\":\"https:\\\/\\\/karls-tech.com\\\/de\\\/?s={search_term_string}\"},\"query-input\":{\"@type\":\"PropertyValueSpecification\",\"valueRequired\":true,\"valueName\":\"search_term_string\"}}],\"inLanguage\":\"de\"},{\"@type\":\"Organization\",\"@id\":\"https:\\\/\\\/karls-tech.com\\\/de\\\/#organization\",\"name\":\"Karls Tech GmbH\",\"url\":\"https:\\\/\\\/karls-tech.com\\\/de\\\/\",\"logo\":{\"@type\":\"ImageObject\",\"inLanguage\":\"de\",\"@id\":\"https:\\\/\\\/karls-tech.com\\\/de\\\/#\\\/schema\\\/logo\\\/image\\\/\",\"url\":\"https:\\\/\\\/karls-tech.com\\\/de\\\/wp-content\\\/uploads\\\/Karls-Tech-Logo.png\",\"contentUrl\":\"https:\\\/\\\/karls-tech.com\\\/de\\\/wp-content\\\/uploads\\\/Karls-Tech-Logo.png\",\"width\":317,\"height\":62,\"caption\":\"Karls Tech GmbH\"},\"image\":{\"@id\":\"https:\\\/\\\/karls-tech.com\\\/de\\\/#\\\/schema\\\/logo\\\/image\\\/\"}}]}<\/script>\n<!-- \/ Yoast SEO plugin. -->","yoast_head_json":{"title":"AB1000 Handy Armband mit Akku - Karls Tech GmbH","robots":{"index":"index","follow":"follow","max-snippet":"max-snippet:-1","max-image-preview":"max-image-preview:large","max-video-preview":"max-video-preview:-1"},"canonical":"https:\/\/karls-tech.com\/de\/produkte\/zubehoer\/halter\/ab1000-handy-armband-mit-akku\/","og_locale":"de_DE","og_type":"article","og_title":"AB1000 Handy Armband mit Akku - Karls Tech GmbH","og_description":"AB1000 Handy Armband mit Akku In Kombination mit Ring-Barcode-Scannern (GS R1000BT, R1500BT oder R5000BT) und mobilen Ger\u00e4ten wird er speziell f\u00fcr die Kommissionier- und Sortieranwendung verwendet und bietet eine Freisprechl\u00f6sung. Das ergonomische tragbare Design mit der patentierten drehbaren Plattform erleichtert Ihnen die Bedienung auf Mobilger\u00e4ten oder Tablets erheblich. Schl\u00fcsselspezifikationen \u00a0 Markenname: Generalscan AB1000 Eingebaute austauschbare [&hellip;]","og_url":"https:\/\/karls-tech.com\/de\/produkte\/zubehoer\/halter\/ab1000-handy-armband-mit-akku\/","og_site_name":"Karls Tech GmbH","article_modified_time":"2022-11-17T08:30:22+00:00","twitter_card":"summary_large_image","schema":{"@context":"https:\/\/schema.org","@graph":[{"@type":"WebPage","@id":"https:\/\/karls-tech.com\/de\/produkte\/zubehoer\/halter\/ab1000-handy-armband-mit-akku\/","url":"https:\/\/karls-tech.com\/de\/produkte\/zubehoer\/halter\/ab1000-handy-armband-mit-akku\/","name":"AB1000 Handy Armband mit Akku - Karls Tech GmbH","isPartOf":{"@id":"https:\/\/karls-tech.com\/de\/#website"},"primaryImageOfPage":{"@id":"https:\/\/karls-tech.com\/de\/produkte\/zubehoer\/halter\/ab1000-handy-armband-mit-akku\/#primaryimage"},"image":{"@id":"https:\/\/karls-tech.com\/de\/produkte\/zubehoer\/halter\/ab1000-handy-armband-mit-akku\/#primaryimage"},"thumbnailUrl":"https:\/\/karls-tech.com\/de\/wp-content\/uploads\/AB1000-Handy-Armband-with-Battery.jpg","datePublished":"2021-03-09T08:12:58+00:00","dateModified":"2022-11-17T08:30:22+00:00","breadcrumb":{"@id":"https:\/\/karls-tech.com\/de\/produkte\/zubehoer\/halter\/ab1000-handy-armband-mit-akku\/#breadcrumb"},"inLanguage":"de","potentialAction":[{"@type":"ReadAction","target":["https:\/\/karls-tech.com\/de\/produkte\/zubehoer\/halter\/ab1000-handy-armband-mit-akku\/"]}]},{"@type":"ImageObject","inLanguage":"de","@id":"https:\/\/karls-tech.com\/de\/produkte\/zubehoer\/halter\/ab1000-handy-armband-mit-akku\/#primaryimage","url":"https:\/\/karls-tech.com\/de\/wp-content\/uploads\/AB1000-Handy-Armband-with-Battery.jpg","contentUrl":"https:\/\/karls-tech.com\/de\/wp-content\/uploads\/AB1000-Handy-Armband-with-Battery.jpg","width":400,"height":400,"caption":"AB1000 Handy Armband with Battery"},{"@type":"BreadcrumbList","@id":"https:\/\/karls-tech.com\/de\/produkte\/zubehoer\/halter\/ab1000-handy-armband-mit-akku\/#breadcrumb","itemListElement":[{"@type":"ListItem","position":1,"name":"Startseite","item":"https:\/\/karls-tech.com\/de\/"},{"@type":"ListItem","position":2,"name":"Produkte","item":"https:\/\/karls-tech.com\/de\/produkte\/"},{"@type":"ListItem","position":3,"name":"Zubeh\u00f6r","item":"https:\/\/karls-tech.com\/de\/produkte\/zubehoer\/"},{"@type":"ListItem","position":4,"name":"Halter","item":"https:\/\/karls-tech.com\/de\/produkte\/zubehoer\/halter\/"},{"@type":"ListItem","position":5,"name":"AB1000 Handy Armband mit Akku"}]},{"@type":"WebSite","@id":"https:\/\/karls-tech.com\/de\/#website","url":"https:\/\/karls-tech.com\/de\/","name":"Karls Tech GmbH","description":"Wearable Barcode Solutions","publisher":{"@id":"https:\/\/karls-tech.com\/de\/#organization"},"potentialAction":[{"@type":"SearchAction","target":{"@type":"EntryPoint","urlTemplate":"https:\/\/karls-tech.com\/de\/?s={search_term_string}"},"query-input":{"@type":"PropertyValueSpecification","valueRequired":true,"valueName":"search_term_string"}}],"inLanguage":"de"},{"@type":"Organization","@id":"https:\/\/karls-tech.com\/de\/#organization","name":"Karls Tech GmbH","url":"https:\/\/karls-tech.com\/de\/","logo":{"@type":"ImageObject","inLanguage":"de","@id":"https:\/\/karls-tech.com\/de\/#\/schema\/logo\/image\/","url":"https:\/\/karls-tech.com\/de\/wp-content\/uploads\/Karls-Tech-Logo.png","contentUrl":"https:\/\/karls-tech.com\/de\/wp-content\/uploads\/Karls-Tech-Logo.png","width":317,"height":62,"caption":"Karls Tech GmbH"},"image":{"@id":"https:\/\/karls-tech.com\/de\/#\/schema\/logo\/image\/"}}]}},"_links":{"self":[{"href":"https:\/\/karls-tech.com\/de\/wp-json\/wp\/v2\/pages\/61838","targetHints":{"allow":["GET"]}}],"collection":[{"href":"https:\/\/karls-tech.com\/de\/wp-json\/wp\/v2\/pages"}],"about":[{"href":"https:\/\/karls-tech.com\/de\/wp-json\/wp\/v2\/types\/page"}],"author":[{"embeddable":true,"href":"https:\/\/karls-tech.com\/de\/wp-json\/wp\/v2\/users\/2"}],"replies":[{"embeddable":true,"href":"https:\/\/karls-tech.com\/de\/wp-json\/wp\/v2\/comments?post=61838"}],"version-history":[{"count":1,"href":"https:\/\/karls-tech.com\/de\/wp-json\/wp\/v2\/pages\/61838\/revisions"}],"predecessor-version":[{"id":61839,"href":"https:\/\/karls-tech.com\/de\/wp-json\/wp\/v2\/pages\/61838\/revisions\/61839"}],"up":[{"embeddable":true,"href":"https:\/\/karls-tech.com\/de\/wp-json\/wp\/v2\/pages\/61836"}],"wp:attachment":[{"href":"https:\/\/karls-tech.com\/de\/wp-json\/wp\/v2\/media?parent=61838"}],"curies":[{"name":"wp","href":"https:\/\/api.w.org\/{rel}","templated":true}]}}